{"id":8456,"date":"2024-03-14T08:25:37","date_gmt":"2024-03-14T07:25:37","guid":{"rendered":"https:\/\/greenfiton.com\/cart\/"},"modified":"2024-10-01T22:34:05","modified_gmt":"2024-10-01T20:34:05","slug":"cart","status":"publish","type":"page","link":"https:\/\/greenwayanimals.com\/en\/cart\/","title":{"rendered":"Cart"},"content":{"rendered":"\t\t<div data-elementor-type=\"wp-page\" data-elementor-id=\"8456\" class=\"elementor elementor-8456 elementor-12\" data-elementor-post-type=\"page\">\n\t\t\t\t\t\t<section class=\"elementor-section elementor-top-section elementor-element elementor-element-2ccdc7f elementor-section-full_width elementor-section-items-stretch elementor-section-height-min-height elementor-section-height-default\" data-id=\"2ccdc7f\" data-element_type=\"section\">\n\t\t\t\t\t\t<div class=\"elementor-container elementor-column-gap-default\">\n\t\t\t\t\t<div class=\"elementor-column elementor-col-100 elementor-top-column elementor-element elementor-element-9187ad0\" data-id=\"9187ad0\" data-element_type=\"column\" data-settings=\"{&quot;background_background&quot;:&quot;classic&quot;}\">\n\t\t\t<div class=\"elementor-widget-wrap elementor-element-populated\">\n\t\t\t\t\t\t<section data-bdt-sticky=\"offset: 20;position: start\" class=\"bdt-sticky elementor-section elementor-inner-section elementor-element elementor-element-47e4c9c elementor-hidden-desktop elementor-hidden-tablet elementor-section-boxed elementor-section-height-default elementor-section-height-default\" data-id=\"47e4c9c\" data-element_type=\"section\">\n\t\t\t\t\t\t<div class=\"elementor-container elementor-column-gap-default\">\n\t\t\t\t\t<div class=\"elementor-column elementor-col-50 elementor-inner-column elementor-element elementor-element-1c2c939\" data-id=\"1c2c939\" data-element_type=\"column\">\n\t\t\t<div class=\"elementor-widget-wrap elementor-element-populated\">\n\t\t\t\t\t\t<div class=\"elementor-element elementor-element-29981bb elementor-widget__width-auto elementor-widget-mobile__width-initial go-back-button elementor-align-left elementor-widget elementor-widget-bdt-offcanvas\" data-id=\"29981bb\" data-element_type=\"widget\" id=\"go-back-button\" data-widget_type=\"bdt-offcanvas.default\">\n\t\t\t\t<div class=\"elementor-widget-container\">\n\t\t\t\n\n\t\t\n\t\t<div class=\"bdt-offcanvas-button-wrapper\">\n\t\t\t<a class=\"bdt-offcanvas-button elementor-button elementor-size-sm\" data-bdt-toggle=\"target: #bdt-offcanvas-29981bb\" href=\"#\">\n\n\t\t\t\t<span class=\"elementor-button-content-wrapper\">\n\t\t\t\t\t\t\t\t\t\t\t<span class=\"bdt-offcanvas-button-icon bdt-flex bdt-flex-align-left\">\n\n\t\t\t\t\t\t\t<svg aria-hidden=\"true\" class=\"fa-fw e-font-icon-svg e-fas-chevron-left\" viewBox=\"0 0 320 512\" xmlns=\"http:\/\/www.w3.org\/2000\/svg\"><path d=\"M34.52 239.03L228.87 44.69c9.37-9.37 24.57-9.37 33.94 0l22.67 22.67c9.36 9.36 9.37 24.52.04 33.9L131.49 256l154.02 154.75c9.34 9.38 9.32 24.54-.04 33.9l-22.67 22.67c-9.37 9.37-24.57 9.37-33.94 0L34.52 272.97c-9.37-9.37-9.37-24.57 0-33.94z\"><\/path><\/svg>\n\t\t\t\t\t\t<\/span>\n\t\t\t\t\t\t\t\t\t\t\t\t\t\t<\/span>\n\n\t\t\t<\/a>\n\t\t<\/div>\n\n\n\t\t<div class=\"bdt-offcanvas\" id=\"bdt-offcanvas-29981bb\" data-settings=\"{&quot;id&quot;:&quot;bdt-offcanvas-29981bb&quot;,&quot;layout&quot;:&quot;default&quot;}\" data-bdt-offcanvas=\"mode: slide; overlay: true; esc-close: false;\">\n\t\t\t<div class=\"bdt-offcanvas-bar\">\n\n\t\t\t\t\n\n\t\t\t\t\t\t\t\t\t\n\t\t\t\t\t\n\t\t\t\t\t\t\t\t\t\t\t\t<\/div>\n\t\t<\/div>\n\n\t\t\t<\/div>\n\t\t\t\t<\/div>\n\t\t\t\t<div class=\"elementor-element elementor-element-7d7c1e5 elementor-widget elementor-widget-html\" data-id=\"7d7c1e5\" data-element_type=\"widget\" data-widget_type=\"html.default\">\n\t\t\t\t<div class=\"elementor-widget-container\">\n\t\t\t<script>\/\/ Obs\u0142uga klikni\u0119cia przycisku \"Cofnij\"\ndocument.addEventListener('DOMContentLoaded', function() {\n    var goBackButtons = document.querySelectorAll('.go-back-button');\n\n    goBackButtons.forEach(function(button) {\n        button.addEventListener('click', function(event) {\n            event.preventDefault(); \/\/ Zapobiegamy domy\u015blnej akcji przycisku (przekierowania)\n            history.go(-1); \/\/ Cofamy stron\u0119 o 1 w historii przegl\u0105darki\n        });\n    });\n});\n\n<\/script>\t\t<\/div>\n\t\t\t\t<\/div>\n\t\t\t\t\t<\/div>\n\t\t<\/div>\n\t\t\t\t<div class=\"elementor-column elementor-col-50 elementor-inner-column elementor-element elementor-element-337845d\" data-id=\"337845d\" data-element_type=\"column\">\n\t\t\t<div class=\"elementor-widget-wrap elementor-element-populated\">\n\t\t\t\t\t\t<div class=\"elementor-element elementor-element-774dd7e elementor-widget__width-auto elementor-widget-mobile__width-initial remove-cart elementor-align-left elementor-widget elementor-widget-bdt-offcanvas\" data-id=\"774dd7e\" data-element_type=\"widget\" id=\"remove-cart\" data-widget_type=\"bdt-offcanvas.default\">\n\t\t\t\t<div class=\"elementor-widget-container\">\n\t\t\t\n\n\t\t\n\t\t<div class=\"bdt-offcanvas-button-wrapper\">\n\t\t\t<a class=\"bdt-offcanvas-button elementor-button elementor-size-sm\" data-bdt-toggle=\"target: #bdt-offcanvas-774dd7e\" href=\"#\">\n\n\t\t\t\t<span class=\"elementor-button-content-wrapper\">\n\t\t\t\t\t\t\t\t\t\t\t<span class=\"bdt-offcanvas-button-icon bdt-flex bdt-flex-align-left\">\n\n\t\t\t\t\t\t\t<svg aria-hidden=\"true\" class=\"fa-fw e-font-icon-svg e-far-trash-alt\" viewBox=\"0 0 448 512\" xmlns=\"http:\/\/www.w3.org\/2000\/svg\"><path d=\"M268 416h24a12 12 0 0 0 12-12V188a12 12 0 0 0-12-12h-24a12 12 0 0 0-12 12v216a12 12 0 0 0 12 12zM432 80h-82.41l-34-56.7A48 48 0 0 0 274.41 0H173.59a48 48 0 0 0-41.16 23.3L98.41 80H16A16 16 0 0 0 0 96v16a16 16 0 0 0 16 16h16v336a48 48 0 0 0 48 48h288a48 48 0 0 0 48-48V128h16a16 16 0 0 0 16-16V96a16 16 0 0 0-16-16zM171.84 50.91A6 6 0 0 1 177 48h94a6 6 0 0 1 5.15 2.91L293.61 80H154.39zM368 464H80V128h288zm-212-48h24a12 12 0 0 0 12-12V188a12 12 0 0 0-12-12h-24a12 12 0 0 0-12 12v216a12 12 0 0 0 12 12z\"><\/path><\/svg>\n\t\t\t\t\t\t<\/span>\n\t\t\t\t\t\t\t\t\t\t\t\t\t\t<\/span>\n\n\t\t\t<\/a>\n\t\t<\/div>\n\n\n\t\t<div class=\"bdt-offcanvas\" id=\"bdt-offcanvas-774dd7e\" data-settings=\"{&quot;id&quot;:&quot;bdt-offcanvas-774dd7e&quot;,&quot;layout&quot;:&quot;default&quot;}\" data-bdt-offcanvas=\"mode: slide; overlay: true; esc-close: false;\">\n\t\t\t<div class=\"bdt-offcanvas-bar\">\n\n\t\t\t\t\n\n\t\t\t\t\t\t\t\t\t\n\t\t\t\t\t\n\t\t\t\t\t\t\t\t\t\t\t\t<\/div>\n\t\t<\/div>\n\n\t\t\t<\/div>\n\t\t\t\t<\/div>\n\t\t\t\t<div class=\"elementor-element elementor-element-db89807 elementor-widget elementor-widget-html\" data-id=\"db89807\" data-element_type=\"widget\" data-widget_type=\"html.default\">\n\t\t\t\t<div class=\"elementor-widget-container\">\n\t\t\t<script>document.addEventListener('DOMContentLoaded', function() {\n    var removeCartButton = document.getElementById('remove-cart');\n\n    if (removeCartButton) {\n        removeCartButton.addEventListener('click', function() {\n            \/\/ Wywo\u0142anie funkcji obs\u0142uguj\u0105cej usuni\u0119cie produkt\u00f3w z koszyka za pomoc\u0105 AJAX\n            removeProductsFromCart();\n        });\n    }\n\n    function removeProductsFromCart() {\n        \/\/ Tworzenie nowego obiektu XMLHttpRequest\n        var xhr = new XMLHttpRequest();\n\n        \/\/ Konfiguracja zapytania AJAX\n        xhr.open('POST', '\/wp-admin\/admin-ajax.php', true);\n        xhr.setRequestHeader('Content-Type', 'application\/x-www-form-urlencoded');\n\n        \/\/ Obs\u0142uga odpowiedzi z serwera\n        xhr.onload = function () {\n            if (xhr.status >= 200 && xhr.status <300) { \/\/ Pomy\u015blna odpowied\u017a console.log(xhr.responseText); \/\/ Od\u015bwie\u017c stron\u0119 po usuni\u0119ciu produkt\u00f3w z koszyka location.reload(); } else { \/\/ Obs\u0142uga b\u0142\u0119d\u00f3w console.error('Wyst\u0105pi\u0142 b\u0142\u0105d podczas usuwania produkt\u00f3w z koszyka'); } }; \/\/ Przygotowanie danych do wys\u0142ania w formacie URL-encoded var data = 'action=remove_all_products_from_cart'; \/\/ Wys\u0142anie zapytania AJAX xhr.send(data); } }); <\/script>\t\t<\/div>\n\t\t\t\t<\/div>\n\t\t\t\t\t<\/div>\n\t\t<\/div>\n\t\t\t\t\t<\/div>\n\t\t<\/section>\n\t\t\t\t<section class=\"elementor-section elementor-inner-section elementor-element elementor-element-d0660b9 elementor-section-boxed elementor-section-height-default elementor-section-height-default\" data-id=\"d0660b9\" data-element_type=\"section\">\n\t\t\t\t\t\t<div class=\"elementor-container elementor-column-gap-default\">\n\t\t\t\t\t<div class=\"elementor-column elementor-col-100 elementor-inner-column elementor-element elementor-element-950e22c\" data-id=\"950e22c\" data-element_type=\"column\" data-settings=\"{&quot;animation&quot;:&quot;none&quot;,&quot;animation_delay&quot;:300}\">\n\t\t\t<div class=\"elementor-widget-wrap elementor-element-populated\">\n\t\t\t\t\t\t\t<\/div>\n\t\t<\/div>\n\t\t\t\t\t<\/div>\n\t\t<\/section>\n\t\t\t\t\t<\/div>\n\t\t<\/div>\n\t\t\t\t\t<\/div>\n\t\t<\/section>\n\t\t\t\t<\/div>\n\t\t","protected":false},"excerpt":{"rendered":"","protected":false},"author":1,"featured_media":0,"parent":0,"menu_order":0,"comment_status":"closed","ping_status":"closed","template":"","meta":{"footnotes":""},"class_list":["post-8456","page","type-page","status-publish","hentry"],"_links":{"self":[{"href":"https:\/\/greenwayanimals.com\/en\/wp-json\/wp\/v2\/pages\/8456","targetHints":{"allow":["GET"]}}],"collection":[{"href":"https:\/\/greenwayanimals.com\/en\/wp-json\/wp\/v2\/pages"}],"about":[{"href":"https:\/\/greenwayanimals.com\/en\/wp-json\/wp\/v2\/types\/page"}],"author":[{"embeddable":true,"href":"https:\/\/greenwayanimals.com\/en\/wp-json\/wp\/v2\/users\/1"}],"replies":[{"embeddable":true,"href":"https:\/\/greenwayanimals.com\/en\/wp-json\/wp\/v2\/comments?post=8456"}],"version-history":[{"count":2,"href":"https:\/\/greenwayanimals.com\/en\/wp-json\/wp\/v2\/pages\/8456\/revisions"}],"predecessor-version":[{"id":8844,"href":"https:\/\/greenwayanimals.com\/en\/wp-json\/wp\/v2\/pages\/8456\/revisions\/8844"}],"wp:attachment":[{"href":"https:\/\/greenwayanimals.com\/en\/wp-json\/wp\/v2\/media?parent=8456"}],"curies":[{"name":"wp","href":"https:\/\/api.w.org\/{rel}","templated":true}]}}